

{"id":57,"date":"2024-07-07T16:11:34","date_gmt":"2024-07-07T14:11:34","guid":{"rendered":"https:\/\/osteo-patka.sk\/?page_id=57"},"modified":"2024-07-09T11:25:34","modified_gmt":"2024-07-09T09:25:34","slug":"kontakt","status":"publish","type":"page","link":"https:\/\/osteo-patka.sk\/?page_id=57","title":{"rendered":"Kontakt"},"content":{"rendered":"\n<p>Na terapiu je nutn\u00e9 sa vopred objednat bu\u010f telefonicky na 0905 846 241 alebo mailom na patkahamrikova@gmail.com<\/p>\n\n\n\n<p><\/p>\n\n\n\n<p> <\/p>\n\n\n<style id=\"wpforms-css-vars-117-block-bcafe8ac-dcfa-43c8-b3f8-ff2ed0636bdc\">\n\t\t\t\t#wpforms-117.wpforms-block-bcafe8ac-dcfa-43c8-b3f8-ff2ed0636bdc {\n\t\t\t\t--wpforms-label-color: #262626;\n--wpforms-label-sublabel-color: #7f7f7f;\n--wpforms-label-error-color: #ff0000;\n--wpforms-page-break-color: #dddddd;\n--wpforms-field-border-radius: 0px;\n--wpforms-field-border-color: #cccccc;\n--wpforms-field-border-color-spare: #cccccc;\n--wpforms-field-text-color: #444444;\n--wpforms-button-border-radius: 0px;\n--wpforms-button-background-color: #ff6900;\n--wpforms-button-text-color: #000000;\n--wpforms-button-border-color: #cccccc;\n--wpforms-field-size-input-height: 43px;\n--wpforms-field-size-input-spacing: 15px;\n--wpforms-field-size-font-size: 16px;\n--wpforms-field-size-line-height: 19px;\n--wpforms-field-size-padding-h: 14px;\n--wpforms-field-size-checkbox-size: 16px;\n--wpforms-field-size-sublabel-spacing: 5px;\n--wpforms-field-size-icon-size: 1;\n--wpforms-label-size-font-size: 14px;\n--wpforms-label-size-line-height: 17px;\n--wpforms-label-size-sublabel-font-size: 13px;\n--wpforms-label-size-sublabel-line-height: 16px;\n--wpforms-button-size-font-size: 17px;\n--wpforms-button-size-height: 41px;\n--wpforms-button-size-padding-h: 15px;\n--wpforms-button-size-margin-top: 10px;\n\t\t\t}\n\t\t\t<\/style><div class=\"wpforms-container wpforms-container-full wpforms-block wpforms-block-bcafe8ac-dcfa-43c8-b3f8-ff2ed0636bdc wpforms-render-modern\" id=\"wpforms-117\"><form id=\"wpforms-form-117\" class=\"wpforms-validate wpforms-form wpforms-ajax-form\" data-formid=\"117\" method=\"post\" enctype=\"multipart\/form-data\" action=\"\/index.php?rest_route=%2Fwp%2Fv2%2Fpages%2F57\" data-token=\"00489c9e21899e8fe07dd9e69ae90f4b\" data-token-time=\"1777526865\"><noscript class=\"wpforms-error-noscript\">Please enable JavaScript in your browser to complete this form.<\/noscript><div id=\"wpforms-error-noscript\" style=\"display: none;\">Please enable JavaScript in your browser to complete this form.<\/div><div class=\"wpforms-field-container\"><div id=\"wpforms-117-field_0-container\" class=\"wpforms-field wpforms-field-name\" data-field-id=\"0\"><label class=\"wpforms-field-label\" for=\"wpforms-117-field_0\">Meno <span class=\"wpforms-required-label\" aria-hidden=\"true\">*<\/span><\/label><input type=\"text\" id=\"wpforms-117-field_0\" class=\"wpforms-field-medium wpforms-field-required\" name=\"wpforms[fields][0]\" aria-errormessage=\"wpforms-117-field_0-error\" required><\/div><div id=\"wpforms-117-field_1-container\" class=\"wpforms-field wpforms-field-email\" data-field-id=\"1\"><label class=\"wpforms-field-label\" for=\"wpforms-117-field_1\">Email <span class=\"wpforms-required-label\" aria-hidden=\"true\">*<\/span><\/label><input type=\"email\" id=\"wpforms-117-field_1\" class=\"wpforms-field-medium wpforms-field-required\" name=\"wpforms[fields][1]\" spellcheck=\"false\" aria-errormessage=\"wpforms-117-field_1-error\" required><\/div><div id=\"wpforms-117-field_2-container\" class=\"wpforms-field wpforms-field-textarea\" data-field-id=\"2\"><label class=\"wpforms-field-label\" for=\"wpforms-117-field_2\">V\u00e1\u0161 odkaz<\/label><textarea id=\"wpforms-117-field_2\" class=\"wpforms-field-medium\" name=\"wpforms[fields][2]\" aria-errormessage=\"wpforms-117-field_2-error\" ><\/textarea><\/div><\/div><!-- .wpforms-field-container --><div class=\"wpforms-submit-container\" ><input type=\"hidden\" name=\"wpforms[id]\" value=\"117\"><input type=\"hidden\" name=\"page_title\" value=\"\"><input type=\"hidden\" name=\"page_url\" value=\"https:\/\/osteo-patka.sk\/index.php?rest_route=\/wp\/v2\/pages\/57\"><input type=\"hidden\" name=\"url_referer\" value=\"\"><button type=\"submit\" name=\"wpforms[submit]\" id=\"wpforms-submit-117\" class=\"wpforms-submit\" data-alt-text=\"Odosielam...\" data-submit-text=\"Odosla\u0165\" aria-live=\"assertive\" value=\"wpforms-submit\">Odosla\u0165<\/button><img loading=\"lazy\" decoding=\"async\" src=\"https:\/\/osteo-patka.sk\/wp-content\/plugins\/wpforms-lite\/assets\/images\/submit-spin.svg\" class=\"wpforms-submit-spinner\" style=\"display: none;\" width=\"26\" height=\"26\" alt=\"Loading\"><\/div><\/form><\/div>  <!-- .wpforms-container -->","protected":false},"excerpt":{"rendered":"<p>Na terapiu je nutn\u00e9 sa vopred objednat bu\u010f telefonicky na 0905 846 241 alebo mailom na patkahamrikova@gmail.com<\/p>\n","protected":false},"author":1,"featured_media":0,"parent":0,"menu_order":0,"comment_status":"closed","ping_status":"closed","template":"","meta":{"_monsterinsights_skip_tracking":false,"_monsterinsights_sitenote_active":false,"_monsterinsights_sitenote_note":"","_monsterinsights_sitenote_category":0,"footnotes":""},"class_list":["post-57","page","type-page","status-publish","hentry"],"yoast_head":"<!-- This site is optimized with the Yoast SEO plugin v26.8 - https:\/\/yoast.com\/product\/yoast-seo-wordpress\/ -->\n<title>Kontakt - osteo-patka.sk<\/title>\n<meta name=\"robots\" content=\"index, follow, max-snippet:-1, max-image-preview:large, max-video-preview:-1\" \/>\n<link rel=\"canonical\" href=\"https:\/\/osteo-patka.sk\/?page_id=57\" \/>\n<meta property=\"og:locale\" content=\"sk_SK\" \/>\n<meta property=\"og:type\" content=\"article\" \/>\n<meta property=\"og:title\" content=\"Kontakt - osteo-patka.sk\" \/>\n<meta property=\"og:description\" content=\"Na terapiu je nutn\u00e9 sa vopred objednat bu\u010f telefonicky na 0905 846 241 alebo mailom na patkahamrikova@gmail.com\" \/>\n<meta property=\"og:url\" content=\"https:\/\/osteo-patka.sk\/?page_id=57\" \/>\n<meta property=\"og:site_name\" content=\"osteo-patka.sk\" \/>\n<meta property=\"article:modified_time\" content=\"2024-07-09T09:25:34+00:00\" \/>\n<meta name=\"twitter:card\" content=\"summary_large_image\" \/>\n<meta name=\"twitter:label1\" content=\"Predpokladan\u00fd \u010das \u010d\u00edtania\" \/>\n\t<meta name=\"twitter:data1\" content=\"1 min\u00fata\" \/>\n<script type=\"application\/ld+json\" class=\"yoast-schema-graph\">{\"@context\":\"https:\/\/schema.org\",\"@graph\":[{\"@type\":\"WebPage\",\"@id\":\"https:\/\/osteo-patka.sk\/?page_id=57\",\"url\":\"https:\/\/osteo-patka.sk\/?page_id=57\",\"name\":\"Kontakt - osteo-patka.sk\",\"isPartOf\":{\"@id\":\"http:\/\/osteo-patka.sk\/#website\"},\"datePublished\":\"2024-07-07T14:11:34+00:00\",\"dateModified\":\"2024-07-09T09:25:34+00:00\",\"breadcrumb\":{\"@id\":\"https:\/\/osteo-patka.sk\/?page_id=57#breadcrumb\"},\"inLanguage\":\"sk-SK\",\"potentialAction\":[{\"@type\":\"ReadAction\",\"target\":[\"https:\/\/osteo-patka.sk\/?page_id=57\"]}]},{\"@type\":\"BreadcrumbList\",\"@id\":\"https:\/\/osteo-patka.sk\/?page_id=57#breadcrumb\",\"itemListElement\":[{\"@type\":\"ListItem\",\"position\":1,\"name\":\"Home\",\"item\":\"http:\/\/osteo-patka.sk\/\"},{\"@type\":\"ListItem\",\"position\":2,\"name\":\"Kontakt\"}]},{\"@type\":\"WebSite\",\"@id\":\"http:\/\/osteo-patka.sk\/#website\",\"url\":\"http:\/\/osteo-patka.sk\/\",\"name\":\"osteo-patka.sk\",\"description\":\"\",\"publisher\":{\"@id\":\"http:\/\/osteo-patka.sk\/#organization\"},\"potentialAction\":[{\"@type\":\"SearchAction\",\"target\":{\"@type\":\"EntryPoint\",\"urlTemplate\":\"http:\/\/osteo-patka.sk\/?s={search_term_string}\"},\"query-input\":{\"@type\":\"PropertyValueSpecification\",\"valueRequired\":true,\"valueName\":\"search_term_string\"}}],\"inLanguage\":\"sk-SK\"},{\"@type\":\"Organization\",\"@id\":\"http:\/\/osteo-patka.sk\/#organization\",\"name\":\"osteo-patka.sk\",\"url\":\"http:\/\/osteo-patka.sk\/\",\"logo\":{\"@type\":\"ImageObject\",\"inLanguage\":\"sk-SK\",\"@id\":\"http:\/\/osteo-patka.sk\/#\/schema\/logo\/image\/\",\"url\":\"https:\/\/osteo-patka.sk\/wp-content\/uploads\/2024\/07\/D30FCB81-FEFE-4C26-9ED7-20FE213F8B50-e1720344756256.png\",\"contentUrl\":\"https:\/\/osteo-patka.sk\/wp-content\/uploads\/2024\/07\/D30FCB81-FEFE-4C26-9ED7-20FE213F8B50-e1720344756256.png\",\"width\":1000,\"height\":568,\"caption\":\"osteo-patka.sk\"},\"image\":{\"@id\":\"http:\/\/osteo-patka.sk\/#\/schema\/logo\/image\/\"}}]}<\/script>\n<!-- \/ Yoast SEO plugin. -->","yoast_head_json":{"title":"Kontakt - osteo-patka.sk","robots":{"index":"index","follow":"follow","max-snippet":"max-snippet:-1","max-image-preview":"max-image-preview:large","max-video-preview":"max-video-preview:-1"},"canonical":"https:\/\/osteo-patka.sk\/?page_id=57","og_locale":"sk_SK","og_type":"article","og_title":"Kontakt - osteo-patka.sk","og_description":"Na terapiu je nutn\u00e9 sa vopred objednat bu\u010f telefonicky na 0905 846 241 alebo mailom na patkahamrikova@gmail.com","og_url":"https:\/\/osteo-patka.sk\/?page_id=57","og_site_name":"osteo-patka.sk","article_modified_time":"2024-07-09T09:25:34+00:00","twitter_card":"summary_large_image","twitter_misc":{"Predpokladan\u00fd \u010das \u010d\u00edtania":"1 min\u00fata"},"schema":{"@context":"https:\/\/schema.org","@graph":[{"@type":"WebPage","@id":"https:\/\/osteo-patka.sk\/?page_id=57","url":"https:\/\/osteo-patka.sk\/?page_id=57","name":"Kontakt - osteo-patka.sk","isPartOf":{"@id":"http:\/\/osteo-patka.sk\/#website"},"datePublished":"2024-07-07T14:11:34+00:00","dateModified":"2024-07-09T09:25:34+00:00","breadcrumb":{"@id":"https:\/\/osteo-patka.sk\/?page_id=57#breadcrumb"},"inLanguage":"sk-SK","potentialAction":[{"@type":"ReadAction","target":["https:\/\/osteo-patka.sk\/?page_id=57"]}]},{"@type":"BreadcrumbList","@id":"https:\/\/osteo-patka.sk\/?page_id=57#breadcrumb","itemListElement":[{"@type":"ListItem","position":1,"name":"Home","item":"http:\/\/osteo-patka.sk\/"},{"@type":"ListItem","position":2,"name":"Kontakt"}]},{"@type":"WebSite","@id":"http:\/\/osteo-patka.sk\/#website","url":"http:\/\/osteo-patka.sk\/","name":"osteo-patka.sk","description":"","publisher":{"@id":"http:\/\/osteo-patka.sk\/#organization"},"potentialAction":[{"@type":"SearchAction","target":{"@type":"EntryPoint","urlTemplate":"http:\/\/osteo-patka.sk\/?s={search_term_string}"},"query-input":{"@type":"PropertyValueSpecification","valueRequired":true,"valueName":"search_term_string"}}],"inLanguage":"sk-SK"},{"@type":"Organization","@id":"http:\/\/osteo-patka.sk\/#organization","name":"osteo-patka.sk","url":"http:\/\/osteo-patka.sk\/","logo":{"@type":"ImageObject","inLanguage":"sk-SK","@id":"http:\/\/osteo-patka.sk\/#\/schema\/logo\/image\/","url":"https:\/\/osteo-patka.sk\/wp-content\/uploads\/2024\/07\/D30FCB81-FEFE-4C26-9ED7-20FE213F8B50-e1720344756256.png","contentUrl":"https:\/\/osteo-patka.sk\/wp-content\/uploads\/2024\/07\/D30FCB81-FEFE-4C26-9ED7-20FE213F8B50-e1720344756256.png","width":1000,"height":568,"caption":"osteo-patka.sk"},"image":{"@id":"http:\/\/osteo-patka.sk\/#\/schema\/logo\/image\/"}}]}},"_links":{"self":[{"href":"https:\/\/osteo-patka.sk\/index.php?rest_route=\/wp\/v2\/pages\/57","targetHints":{"allow":["GET"]}}],"collection":[{"href":"https:\/\/osteo-patka.sk\/index.php?rest_route=\/wp\/v2\/pages"}],"about":[{"href":"https:\/\/osteo-patka.sk\/index.php?rest_route=\/wp\/v2\/types\/page"}],"author":[{"embeddable":true,"href":"https:\/\/osteo-patka.sk\/index.php?rest_route=\/wp\/v2\/users\/1"}],"replies":[{"embeddable":true,"href":"https:\/\/osteo-patka.sk\/index.php?rest_route=%2Fwp%2Fv2%2Fcomments&post=57"}],"version-history":[{"count":3,"href":"https:\/\/osteo-patka.sk\/index.php?rest_route=\/wp\/v2\/pages\/57\/revisions"}],"predecessor-version":[{"id":121,"href":"https:\/\/osteo-patka.sk\/index.php?rest_route=\/wp\/v2\/pages\/57\/revisions\/121"}],"wp:attachment":[{"href":"https:\/\/osteo-patka.sk\/index.php?rest_route=%2Fwp%2Fv2%2Fmedia&parent=57"}],"curies":[{"name":"wp","href":"https:\/\/api.w.org\/{rel}","templated":true}]}}