

{"id":3,"date":"2024-07-02T16:08:45","date_gmt":"2024-07-02T14:08:45","guid":{"rendered":"http:\/\/osteo-patka.sk\/?page_id=3"},"modified":"2024-07-09T11:01:39","modified_gmt":"2024-07-09T09:01:39","slug":"ochrana-sukromia","status":"publish","type":"page","link":"https:\/\/osteo-patka.sk\/?page_id=3","title":{"rendered":"Z\u00e1sady ochrany osobn\u00fdch \u00fadajov"},"content":{"rendered":"\n<h2 class=\"wp-block-heading has-urbanist-font-family\" style=\"font-size:21px\">Kto sme<\/h2>\n\n\n\n<p class=\"has-urbanist-font-family\" style=\"font-size:20px\">Adresa na\u0161ej webovej str\u00e1nky je: https:\/\/www.osteo-patka.sk<\/p>\n\n\n\n<p class=\"has-urbanist-font-family\" style=\"font-size:20px\">Prev\u00e1dzkovate\u013e tejto webovej lokality:<\/p>\n\n\n\n<p class=\"has-urbanist-font-family\" style=\"font-size:20px\">Patr\u00edcia Ham\u0159\u00edkov\u00e1, Mgr<\/p>\n\n\n\n<p class=\"has-urbanist-font-family\" style=\"font-size:20px\">KUKO o.z.<\/p>\n\n\n\n<p class=\"has-urbanist-font-family\" style=\"font-size:20px\">Stromova 1, 911 01 Tren\u010d\u00edn<br>I\u010cO: 42024404<br>e-mail: patkahamrikova@gmail.com<\/p>\n\n\n\n<p class=\"has-urbanist-font-family\" style=\"font-size:20px\">(\u010ealej len \u201ePrev\u00e1dzkovate\u013e\u201c)<\/p>\n\n\n\n<h2 class=\"wp-block-heading has-urbanist-font-family\" style=\"font-size:20px\">Ak\u00e9 osobn\u00e9 \u00fadaje z\u00edskavame a pre\u010do ich zbierame<\/h2>\n\n\n\n<h3 class=\"wp-block-heading\"><strong>Cookies<\/strong><\/h3>\n\n\n\n<h5 class=\"wp-block-heading\">Povinn\u00e9 s\u00fabory cookie reCaptcha<\/h5>\n\n\n\n<p class=\"has-urbanist-font-family\" style=\"font-size:20px\">Na na\u0161ej str\u00e1nke pou\u017e\u00edvame s\u00fabory cookie reCaptcha, ktor\u00e9 s\u00fa nevyhnutn\u00e9 na ochranu pred robotmi a spamom.<br>Tieto s\u00fabory cookie s\u00fa potrebn\u00e9 na overenie toho, \u010di n\u00e1v\u0161tevn\u00edci nie s\u00fa automatizovan\u00e9 programy.<br>Na pou\u017e\u00edvanie t\u00fdchto s\u00faborov cookie nemus\u00edme z\u00edska\u0165 s\u00fahlas od n\u00e1v\u0161tevn\u00edkov, preto\u017ee s\u00fa nevyhnutn\u00e9 pre funk\u010dnos\u0165 n\u00e1\u0161ho webu.<\/p>\n\n\n\n<h5 class=\"wp-block-heading\">Volite\u013en\u00e9 s\u00fabory cookie Google Analytics:<\/h5>\n\n\n\n<p class=\"has-urbanist-font-family\" style=\"font-size:20px\">Pou\u017e\u00edvame s\u00fabory cookie Google Analytics na z\u00edskavanie \u0161tatistick\u00fdch \u00fadajov o n\u00e1v\u0161tevnosti a spr\u00e1van\u00ed pou\u017e\u00edvate\u013eov.<br>S\u00fabory cookie Google Analytics m\u00f4\u017eete zak\u00e1za\u0165&nbsp; na cookie li\u0161te na na\u0161om webe v \u010dasti Prisp\u00f4sobi\u0165, vo svojom prehliada\u010di alebo v nastaveniach zariadenia.<\/p>\n\n\n\n<h3 class=\"wp-block-heading\">Meno, t<strong>elef\u00f3nne \u010d\u00edslo<\/strong>, e-mailov\u00e1 adresa<\/h3>\n\n\n\n<p class=\"has-urbanist-font-family\" style=\"font-size:20px\">Va\u0161e s\u00fakromie je pre n\u00e1s d\u00f4le\u017eit\u00e9. Inform\u00e1cie, ktor\u00e9 n\u00e1m poskytnete prostredn\u00edctvom kontaktn\u00e9ho formul\u00e1ra na str\u00e1nke&nbsp;<a href=\"https:\/\/kraniosakralnaterapia.sk\/kontakt-napiste-nam\/\">Kontakt<\/a>, bud\u00fa pou\u017eit\u00e9 na legit\u00edmne a z\u00e1konn\u00e9 \u00fa\u010dely a na plnenie n\u00e1\u0161ho opr\u00e1vnen\u00e9ho z\u00e1ujmu, ktor\u00fdm je poskytnutie odpovede na va\u0161u \u017eiados\u0165 a dohodnutie term\u00ednu poskytnutia slu\u017eieb pon\u00fakan\u00fdch prev\u00e1dzkovate\u013eom tejto webovej lokality,&nbsp; na ob\u010dasn\u00fa marketingov\u00fa komunik\u00e1ciu a informovanie o novink\u00e1ch v poskytovan\u00ed slu\u017eieb pon\u00fakan\u00fdch prev\u00e1dzkovate\u013eom tejto webovej lokality,<\/p>\n\n\n\n<p class=\"has-urbanist-font-family\" style=\"font-size:20px\">M\u00f4\u017eete kedyko\u013evek odvolat svoj s\u00fahlas s pou\u017eit\u00edm va\u0161ich \u00fadajov na tieto \u00fa\u010dely.<\/p>\n\n\n\n<p class=\"has-urbanist-font-family\" style=\"font-size:20px\">Kliknut\u00edm na tla\u010didlo \u201eOdosla\u0165\u201c na str\u00e1nke&nbsp;<a href=\"https:\/\/kraniosakralnaterapia.sk\/kontakt-napiste-nam\/\">Kontakt<\/a>&nbsp;s\u00fahlas\u00edte so spracovan\u00edm va\u0161ich osobn\u00fdch \u00fadajov v s\u00falade s t\u00fdmito Z\u00e1sadami ochrany osobn\u00fdch \u00fadajov.<\/p>\n\n\n\n<h3 class=\"wp-block-heading\">&nbsp;<\/h3>\n\n\n\n<h2 class=\"wp-block-heading has-urbanist-font-family\" style=\"font-size:20px\">S k\u00fdm zdie\u013eame va\u0161e \u00fadaje<\/h2>\n\n\n\n<p class=\"has-urbanist-font-family\" style=\"font-size:20px\">Va\u0161u osobn\u00e9 \u00fadaje nezdie\u013eame so \u017eiadnymi tret\u00edmi stranami, s v\u00fdnimkou s\u00faborov cookies, tak ako je uveden\u00e9 vy\u0161\u0161ie.<\/p>\n\n\n\n<h2 class=\"wp-block-heading has-urbanist-font-family\" style=\"font-size:20px\">Ako dlho uchov\u00e1vame va\u0161e \u00fadaje<\/h2>\n\n\n\n<p class=\"has-urbanist-font-family\" style=\"font-size:20px\">Va\u0161e osobn\u00e9 \u00fadaje s\u00fa uchov\u00e1van\u00e9 tak dlho, ako je to potrebn\u00e9 pre \u00fa\u010del, na ktor\u00fd s\u00fa \u00fadaje spracov\u00e1van\u00e9, alebo tak dlho, ako to je povolen\u00e9 z\u00e1konom. Va\u0161e osobn\u00e9 \u00fadaje bud\u00fa n\u00e1sledne odstr\u00e1nen\u00e9 alebo anonymizovan\u00e9.<\/p>\n\n\n\n<h2 class=\"wp-block-heading has-urbanist-font-family\" style=\"font-size:20px\">Ak\u00e9 s\u00fa va\u0161e pr\u00e1va pr\u00edstupu k \u00fadajom?<\/h2>\n\n\n\n<p class=\"has-urbanist-font-family\" style=\"font-size:20px\">Ako dotknut\u00e1 osoba m\u00e1te pr\u00e1vo kedyko\u013evek vy\u017eadova\u0165:<\/p>\n\n\n\n<ul class=\"wp-block-list\">\n<li style=\"font-size:20px\" class=\"has-urbanist-font-family\"><em>potvrdenie<\/em>, \u010di s\u00fa alebo nie s\u00fa osobn\u00e9 \u00fadaje o V\u00e1s sprac\u00favan\u00e9,<\/li>\n<\/ul>\n\n\n\n<ul class=\"wp-block-list\">\n<li style=\"font-size:20px\" class=\"has-urbanist-font-family\"><em>inform\u00e1cie o sprac\u00favan\u00ed osobn\u00fdch \u00fadajov v rozsahu<\/em>: identifika\u010dn\u00e9 \u00fadaje prev\u00e1dzkovate\u013ea a sprostredkovate\u013ea, ak ho prev\u00e1dzkovate\u013e m\u00e1, zoznam osobn\u00fdch \u00fadajov a \u00fa\u010del ich sprac\u00favania, pr\u00e1vny z\u00e1klad sprac\u00favania osobn\u00fdch \u00fadajov ako aj inform\u00e1cie, \u010di a komu s\u00fa osobn\u00e9 \u00fadaje poskytovan\u00e9, spr\u00edstup\u0148ovan\u00e9, pren\u00e1\u0161an\u00e9 a zverej\u0148ovan\u00e9,<\/li>\n<\/ul>\n\n\n\n<ul class=\"wp-block-list\">\n<li style=\"font-size:20px\" class=\"has-urbanist-font-family\"><em>inform\u00e1cie o zdroji<\/em>, z ktor\u00e9ho prev\u00e1dzkovate\u013e z\u00edskal jej osobn\u00e9 \u00fadaje na sprac\u00favanie,<\/li>\n<\/ul>\n\n\n\n<ul class=\"wp-block-list\">\n<li style=\"font-size:20px\" class=\"has-urbanist-font-family\"><em>zoznam jej osobn\u00fdch \u00fadajov<\/em>, ktor\u00e9 s\u00fa predmetom sprac\u00favania,<\/li>\n<\/ul>\n\n\n\n<ul class=\"wp-block-list\">\n<li style=\"font-size:20px\" class=\"has-urbanist-font-family\"><em>opravu alebo likvid\u00e1ciu svojich nespr\u00e1vnych, ne\u00fapln\u00fdch alebo neaktu\u00e1lnych osobn\u00fdch \u00fadajov<\/em>, ktor\u00e9 s\u00fa predmetom sprac\u00favania,<\/li>\n<\/ul>\n\n\n\n<ul class=\"wp-block-list\">\n<li style=\"font-size:20px\" class=\"has-urbanist-font-family\"><em>likvid\u00e1ciu jej osobn\u00fdch \u00fadajov, ktor\u00fdch \u00fa\u010del sprac\u00favania sa skon\u010dil<\/em>; ak dotknut\u00e1 osoba poskytla prev\u00e1dzkovate\u013eovi svoje \u00faradn\u00e9 doklady (origin\u00e1l\/fotok\u00f3pia), m\u00f4\u017ee po\u017eiada\u0165 o ich vr\u00e1tenie,<\/li>\n<\/ul>\n\n\n\n<ul class=\"wp-block-list\">\n<li style=\"font-size:20px\" class=\"has-urbanist-font-family\"><em>likvid\u00e1ciu jej osobn\u00fdch \u00fadajov<\/em>, ak do\u0161lo k poru\u0161eniu z\u00e1kona pri ich sprac\u00favan\u00ed,<\/li>\n<\/ul>\n\n\n\n<ul class=\"wp-block-list\">\n<li style=\"font-size:20px\" class=\"has-urbanist-font-family\"><em>blokovanie jej osobn\u00fdch \u00fadajov<\/em>\u00a0z d\u00f4vodu odvolania s\u00fahlasu pred uplynut\u00edm \u010dasu jeho platnosti, ak prev\u00e1dzkovate\u013e sprac\u00fava osobn\u00e9 \u00fadaje na z\u00e1klade s\u00fahlasu dotknutej osoby.<\/li>\n<\/ul>\n\n\n\n<p><\/p>\n","protected":false},"excerpt":{"rendered":"<p>Kto sme Adresa na\u0161ej webovej str\u00e1nky je: https:\/\/www.osteo-patka.sk Prev\u00e1dzkovate\u013e tejto webovej lokality: Patr\u00edcia Ham\u0159\u00edkov\u00e1, Mgr KUKO o.z. Stromova 1, 911 01 Tren\u010d\u00ednI\u010cO: 42024404e-mail: patkahamrikova@gmail.com (\u010ealej len \u201ePrev\u00e1dzkovate\u013e\u201c) Ak\u00e9 osobn\u00e9 \u00fadaje z\u00edskavame a pre\u010do ich zbierame Cookies Povinn\u00e9 s\u00fabory cookie reCaptcha Na na\u0161ej str\u00e1nke pou\u017e\u00edvame s\u00fabory cookie reCaptcha, ktor\u00e9 s\u00fa nevyhnutn\u00e9 na ochranu pred robotmi a [&hellip;]<\/p>\n","protected":false},"author":1,"featured_media":0,"parent":0,"menu_order":0,"comment_status":"closed","ping_status":"open","template":"","meta":{"_monsterinsights_skip_tracking":false,"_monsterinsights_sitenote_active":false,"_monsterinsights_sitenote_note":"","_monsterinsights_sitenote_category":0,"footnotes":""},"class_list":["post-3","page","type-page","status-publish","hentry"],"yoast_head":"<!-- This site is optimized with the Yoast SEO plugin v26.8 - https:\/\/yoast.com\/product\/yoast-seo-wordpress\/ -->\n<title>Z\u00e1sady ochrany osobn\u00fdch \u00fadajov - osteo-patka.sk<\/title>\n<meta name=\"robots\" content=\"index, follow, max-snippet:-1, max-image-preview:large, max-video-preview:-1\" \/>\n<link rel=\"canonical\" href=\"https:\/\/osteo-patka.sk\/?page_id=3\" \/>\n<meta property=\"og:locale\" content=\"sk_SK\" \/>\n<meta property=\"og:type\" content=\"article\" \/>\n<meta property=\"og:title\" content=\"Z\u00e1sady ochrany osobn\u00fdch \u00fadajov - osteo-patka.sk\" \/>\n<meta property=\"og:description\" content=\"Kto sme Adresa na\u0161ej webovej str\u00e1nky je: https:\/\/www.osteo-patka.sk Prev\u00e1dzkovate\u013e tejto webovej lokality: Patr\u00edcia Ham\u0159\u00edkov\u00e1, Mgr KUKO o.z. Stromova 1, 911 01 Tren\u010d\u00ednI\u010cO: 42024404e-mail: patkahamrikova@gmail.com (\u010ealej len \u201ePrev\u00e1dzkovate\u013e\u201c) Ak\u00e9 osobn\u00e9 \u00fadaje z\u00edskavame a pre\u010do ich zbierame Cookies Povinn\u00e9 s\u00fabory cookie reCaptcha Na na\u0161ej str\u00e1nke pou\u017e\u00edvame s\u00fabory cookie reCaptcha, ktor\u00e9 s\u00fa nevyhnutn\u00e9 na ochranu pred robotmi a [&hellip;]\" \/>\n<meta property=\"og:url\" content=\"https:\/\/osteo-patka.sk\/?page_id=3\" \/>\n<meta property=\"og:site_name\" content=\"osteo-patka.sk\" \/>\n<meta property=\"article:modified_time\" content=\"2024-07-09T09:01:39+00:00\" \/>\n<meta name=\"twitter:card\" content=\"summary_large_image\" \/>\n<meta name=\"twitter:label1\" content=\"Predpokladan\u00fd \u010das \u010d\u00edtania\" \/>\n\t<meta name=\"twitter:data1\" content=\"3 min\u00faty\" \/>\n<script type=\"application\/ld+json\" class=\"yoast-schema-graph\">{\"@context\":\"https:\/\/schema.org\",\"@graph\":[{\"@type\":\"WebPage\",\"@id\":\"https:\/\/osteo-patka.sk\/?page_id=3\",\"url\":\"https:\/\/osteo-patka.sk\/?page_id=3\",\"name\":\"Z\u00e1sady ochrany osobn\u00fdch \u00fadajov - osteo-patka.sk\",\"isPartOf\":{\"@id\":\"http:\/\/osteo-patka.sk\/#website\"},\"datePublished\":\"2024-07-02T14:08:45+00:00\",\"dateModified\":\"2024-07-09T09:01:39+00:00\",\"breadcrumb\":{\"@id\":\"https:\/\/osteo-patka.sk\/?page_id=3#breadcrumb\"},\"inLanguage\":\"sk-SK\",\"potentialAction\":[{\"@type\":\"ReadAction\",\"target\":[\"https:\/\/osteo-patka.sk\/?page_id=3\"]}]},{\"@type\":\"BreadcrumbList\",\"@id\":\"https:\/\/osteo-patka.sk\/?page_id=3#breadcrumb\",\"itemListElement\":[{\"@type\":\"ListItem\",\"position\":1,\"name\":\"Home\",\"item\":\"http:\/\/osteo-patka.sk\/\"},{\"@type\":\"ListItem\",\"position\":2,\"name\":\"Z\u00e1sady ochrany osobn\u00fdch \u00fadajov\"}]},{\"@type\":\"WebSite\",\"@id\":\"http:\/\/osteo-patka.sk\/#website\",\"url\":\"http:\/\/osteo-patka.sk\/\",\"name\":\"osteo-patka.sk\",\"description\":\"\",\"publisher\":{\"@id\":\"http:\/\/osteo-patka.sk\/#organization\"},\"potentialAction\":[{\"@type\":\"SearchAction\",\"target\":{\"@type\":\"EntryPoint\",\"urlTemplate\":\"http:\/\/osteo-patka.sk\/?s={search_term_string}\"},\"query-input\":{\"@type\":\"PropertyValueSpecification\",\"valueRequired\":true,\"valueName\":\"search_term_string\"}}],\"inLanguage\":\"sk-SK\"},{\"@type\":\"Organization\",\"@id\":\"http:\/\/osteo-patka.sk\/#organization\",\"name\":\"osteo-patka.sk\",\"url\":\"http:\/\/osteo-patka.sk\/\",\"logo\":{\"@type\":\"ImageObject\",\"inLanguage\":\"sk-SK\",\"@id\":\"http:\/\/osteo-patka.sk\/#\/schema\/logo\/image\/\",\"url\":\"https:\/\/osteo-patka.sk\/wp-content\/uploads\/2024\/07\/D30FCB81-FEFE-4C26-9ED7-20FE213F8B50-e1720344756256.png\",\"contentUrl\":\"https:\/\/osteo-patka.sk\/wp-content\/uploads\/2024\/07\/D30FCB81-FEFE-4C26-9ED7-20FE213F8B50-e1720344756256.png\",\"width\":1000,\"height\":568,\"caption\":\"osteo-patka.sk\"},\"image\":{\"@id\":\"http:\/\/osteo-patka.sk\/#\/schema\/logo\/image\/\"}}]}<\/script>\n<!-- \/ Yoast SEO plugin. -->","yoast_head_json":{"title":"Z\u00e1sady ochrany osobn\u00fdch \u00fadajov - osteo-patka.sk","robots":{"index":"index","follow":"follow","max-snippet":"max-snippet:-1","max-image-preview":"max-image-preview:large","max-video-preview":"max-video-preview:-1"},"canonical":"https:\/\/osteo-patka.sk\/?page_id=3","og_locale":"sk_SK","og_type":"article","og_title":"Z\u00e1sady ochrany osobn\u00fdch \u00fadajov - osteo-patka.sk","og_description":"Kto sme Adresa na\u0161ej webovej str\u00e1nky je: https:\/\/www.osteo-patka.sk Prev\u00e1dzkovate\u013e tejto webovej lokality: Patr\u00edcia Ham\u0159\u00edkov\u00e1, Mgr KUKO o.z. Stromova 1, 911 01 Tren\u010d\u00ednI\u010cO: 42024404e-mail: patkahamrikova@gmail.com (\u010ealej len \u201ePrev\u00e1dzkovate\u013e\u201c) Ak\u00e9 osobn\u00e9 \u00fadaje z\u00edskavame a pre\u010do ich zbierame Cookies Povinn\u00e9 s\u00fabory cookie reCaptcha Na na\u0161ej str\u00e1nke pou\u017e\u00edvame s\u00fabory cookie reCaptcha, ktor\u00e9 s\u00fa nevyhnutn\u00e9 na ochranu pred robotmi a [&hellip;]","og_url":"https:\/\/osteo-patka.sk\/?page_id=3","og_site_name":"osteo-patka.sk","article_modified_time":"2024-07-09T09:01:39+00:00","twitter_card":"summary_large_image","twitter_misc":{"Predpokladan\u00fd \u010das \u010d\u00edtania":"3 min\u00faty"},"schema":{"@context":"https:\/\/schema.org","@graph":[{"@type":"WebPage","@id":"https:\/\/osteo-patka.sk\/?page_id=3","url":"https:\/\/osteo-patka.sk\/?page_id=3","name":"Z\u00e1sady ochrany osobn\u00fdch \u00fadajov - osteo-patka.sk","isPartOf":{"@id":"http:\/\/osteo-patka.sk\/#website"},"datePublished":"2024-07-02T14:08:45+00:00","dateModified":"2024-07-09T09:01:39+00:00","breadcrumb":{"@id":"https:\/\/osteo-patka.sk\/?page_id=3#breadcrumb"},"inLanguage":"sk-SK","potentialAction":[{"@type":"ReadAction","target":["https:\/\/osteo-patka.sk\/?page_id=3"]}]},{"@type":"BreadcrumbList","@id":"https:\/\/osteo-patka.sk\/?page_id=3#breadcrumb","itemListElement":[{"@type":"ListItem","position":1,"name":"Home","item":"http:\/\/osteo-patka.sk\/"},{"@type":"ListItem","position":2,"name":"Z\u00e1sady ochrany osobn\u00fdch \u00fadajov"}]},{"@type":"WebSite","@id":"http:\/\/osteo-patka.sk\/#website","url":"http:\/\/osteo-patka.sk\/","name":"osteo-patka.sk","description":"","publisher":{"@id":"http:\/\/osteo-patka.sk\/#organization"},"potentialAction":[{"@type":"SearchAction","target":{"@type":"EntryPoint","urlTemplate":"http:\/\/osteo-patka.sk\/?s={search_term_string}"},"query-input":{"@type":"PropertyValueSpecification","valueRequired":true,"valueName":"search_term_string"}}],"inLanguage":"sk-SK"},{"@type":"Organization","@id":"http:\/\/osteo-patka.sk\/#organization","name":"osteo-patka.sk","url":"http:\/\/osteo-patka.sk\/","logo":{"@type":"ImageObject","inLanguage":"sk-SK","@id":"http:\/\/osteo-patka.sk\/#\/schema\/logo\/image\/","url":"https:\/\/osteo-patka.sk\/wp-content\/uploads\/2024\/07\/D30FCB81-FEFE-4C26-9ED7-20FE213F8B50-e1720344756256.png","contentUrl":"https:\/\/osteo-patka.sk\/wp-content\/uploads\/2024\/07\/D30FCB81-FEFE-4C26-9ED7-20FE213F8B50-e1720344756256.png","width":1000,"height":568,"caption":"osteo-patka.sk"},"image":{"@id":"http:\/\/osteo-patka.sk\/#\/schema\/logo\/image\/"}}]}},"_links":{"self":[{"href":"https:\/\/osteo-patka.sk\/index.php?rest_route=\/wp\/v2\/pages\/3","targetHints":{"allow":["GET"]}}],"collection":[{"href":"https:\/\/osteo-patka.sk\/index.php?rest_route=\/wp\/v2\/pages"}],"about":[{"href":"https:\/\/osteo-patka.sk\/index.php?rest_route=\/wp\/v2\/types\/page"}],"author":[{"embeddable":true,"href":"https:\/\/osteo-patka.sk\/index.php?rest_route=\/wp\/v2\/users\/1"}],"replies":[{"embeddable":true,"href":"https:\/\/osteo-patka.sk\/index.php?rest_route=%2Fwp%2Fv2%2Fcomments&post=3"}],"version-history":[{"count":3,"href":"https:\/\/osteo-patka.sk\/index.php?rest_route=\/wp\/v2\/pages\/3\/revisions"}],"predecessor-version":[{"id":115,"href":"https:\/\/osteo-patka.sk\/index.php?rest_route=\/wp\/v2\/pages\/3\/revisions\/115"}],"wp:attachment":[{"href":"https:\/\/osteo-patka.sk\/index.php?rest_route=%2Fwp%2Fv2%2Fmedia&parent=3"}],"curies":[{"name":"wp","href":"https:\/\/api.w.org\/{rel}","templated":true}]}}