

{"id":141,"date":"2024-11-02T19:09:20","date_gmt":"2024-11-02T18:09:20","guid":{"rendered":"https:\/\/osteo-patka.sk\/?page_id=141"},"modified":"2024-12-11T16:26:02","modified_gmt":"2024-12-11T15:26:02","slug":"terapie","status":"publish","type":"page","link":"https:\/\/osteo-patka.sk\/?page_id=141","title":{"rendered":"Terapie"},"content":{"rendered":"\n<p style=\"padding-right:var(--wp--preset--spacing--20);padding-left:var(--wp--preset--spacing--20)\">TERAPIA &#8220; VIMMAL &#8222;<\/p>\n\n\n\n<p class=\"has-text-align-left\" style=\"margin-top:var(--wp--preset--spacing--20);margin-right:var(--wp--preset--spacing--20);margin-bottom:var(--wp--preset--spacing--20);margin-left:var(--wp--preset--spacing--20)\">T\u00e1to terapia je origin\u00e1lna&nbsp; kombin\u00e1cia viscer\u00e1lnych manipul\u00e1ci\u00ed a manu\u00e1lnej lymfodren\u00e1\u017ee, ktor\u00e1 vznikla na z\u00e1klade mojich dlhoro\u010dn\u00fdch teoretick\u00fdch aj praktick\u00fdch sk\u00fasenost\u00ed<\/p>\n\n\n\n<p>\u0160irokospektr\u00e1lne \u00fa\u010dinky manu\u00e1lnej lymfodren\u00e1\u017ee s\u00fa v\u0161eobecne zn\u00e1me ( podpora l\u00e1tkovej v\u00fdmeny, metabolizmu, hormon\u00e1lnej rovnov\u00e1hy, detoxik\u00e1cia at\u010f ).&nbsp;<\/p>\n\n\n\n<p>Pridan\u00edm viscer\u00e1lnej manipul\u00e1cie , ktor\u00e1 priamo pracuje s vn\u00fatorn\u00fdmi org\u00e1nmi ( adenoidy, appendix a tenk\u00e9 \u010drevo, thymus, slezina, mandle, \u017eilov\u00e9 splavy,&#8230;) a t\u00fdm zlep\u0161uje ich funkciu , dosiahnem komplexn\u00e9 o\u0161etrenie cel\u00e9ho lymfatick\u00e9ho syst\u00e9mu&nbsp;a t\u00fdm vysok\u00fa efekt\u00edvnos\u0165 tejto terapie<\/p>\n\n\n\n<p>Indik\u00e1cie<\/p>\n\n\n\n<p>migr\u00e9ny a chronick\u00e9 z\u00e1paly dut\u00edn\/ poopera\u010dn\u00e9 stavy \/opuchy po oper\u00e1ci\u00e1ch\/ oslaben\u00e1 imunita \/ \u00fanava \/ alergie a intolerancie \/ skler\u00f3za multiplex \/ &#8230;\u00a0<\/p>\n\n\n\n<p class=\"has-text-align-center\"><strong>cena 60 eur \/ 90 min\u00fat<\/strong><\/p>\n\n\n\n<hr class=\"wp-block-separator has-alpha-channel-opacity\"\/>\n\n\n\n<hr class=\"wp-block-separator has-alpha-channel-opacity\"\/>\n\n\n\n<p><\/p>\n\n\n\n<p><\/p>\n\n\n\n<p class=\"has-black-color has-luminous-vivid-amber-to-luminous-vivid-orange-gradient-background has-text-color has-background has-link-color wp-elements-15da6ba0cd4a57625a8700995da2f8df\">TERAPIA &#8220; FUTOS &#8222;<br>je to origin\u00e1lny osteopatick\u00fd pr\u00edstup v pr\u00e1ci s fasci\u00e1lnym syst\u00e9mom n\u00e1\u0161ho tela pomocou fasci\u00e1lnych uvo\u013e\u0148ovac\u00edch techn\u00edk kombinovan\u00fdch s viscer\u00e1lnymi a neur\u00e1lnymi manipul\u00e1ciami, ktor\u00fdmi sa docieli nielen uvo\u013enenie fasci\u00e1lnych patologick\u00fdch nap\u00e4t\u00ed , ale o\u0161etren\u00edm viscer\u00e1lnych org\u00e1nov a nervov\u00fdch \u0161trukt\u00far sa ur\u00fdchli regener\u00e1cia jednotliv\u00fdch tkan\u00edv<br><\/p>\n\n\n\n<p class=\"has-black-color has-luminous-vivid-amber-to-luminous-vivid-orange-gradient-background has-text-color has-background has-link-color wp-elements-5d1dd32981988df6c1480b8fd7620ce3\" style=\"margin-top:0;margin-bottom:0\">Indik\u00e1cie<br>ak\u00fatne a chronick\u00e9 bolesti pohybov\u00e9ho apar\u00e1tu \/ poopera\u010dn\u00e9 a po\u00farazov\u00e9 stavy \/ svalov\u00e9 dysbalancie \/ jazvy \/ prevencia<\/p>\n\n\n\n<p class=\"has-text-align-center has-black-color has-luminous-vivid-amber-to-luminous-vivid-orange-gradient-background has-text-color has-background has-link-color wp-elements-22666b521c56ab5125c2e837a5cb5af9\"><br><strong>cena 40 eur \/ 50 min\u00fat<\/strong><\/p>\n\n\n\n<hr class=\"wp-block-separator has-alpha-channel-opacity\"\/>\n\n\n\n<hr class=\"wp-block-separator has-alpha-channel-opacity\"\/>\n\n\n\n<p><\/p>\n\n\n\n<p>&#8222;<strong>MIXOS<\/strong>&#8222;<\/p>\n\n\n\n<p>kombin\u00e1cia kraniosakr\u00e1lnej osteopatie , viscer\u00e1lnych a neur\u00e1lnych manipul\u00e1ci\u00ed a polaritnej terapie u\u0161it\u00e1 priamo na mieru klientovi&nbsp;<\/p>\n\n\n\n<p>nem\u00e1 \u017eiadne konraindik\u00e1cie &#8211; vhodn\u00e1 pri v\u0161etk\u00fdch zdravotn\u00fdch probl\u00e9moch<\/p>\n\n\n\n<p>v\u0161etky vekov\u00e9 kateg\u00f3rie<\/p>\n\n\n\n<p class=\"has-text-align-center\"><strong>cena 50 eur \/ 50 min\u00fat<\/strong><\/p>\n\n\n\n<hr class=\"wp-block-separator has-alpha-channel-opacity\"\/>\n\n\n\n<hr class=\"wp-block-separator has-alpha-channel-opacity\"\/>\n\n\n\n<p class=\"has-black-color has-luminous-vivid-amber-to-luminous-vivid-orange-gradient-background has-text-color has-background has-link-color wp-elements-ab4795cd0990cf28e81254c8a1d2068b\">&#8222;<strong>KRANIOSAKR\u00c1LNA OSTEOPATIA<\/strong>&#8220;                             od ostatn\u00fdch terapi\u00ed sa l\u00ed\u0161i svojim pr\u00edstupom , ktor\u00e9ho hlavn\u00fdm cie\u013eom je podpora zdravia v na\u0161om tele. Pozornos\u0165 smeruje k cel\u00e9mu syst\u00e9mu , k jeho anat\u00f3mii, fyziol\u00f3gii aj funkcii. N\u00e1sledne sa pracuje s hist\u00f3riou &#8211; \u010do znamen\u00e1 nahliadnutie do p\u00f4vodu moment\u00e1lneho zdravotn\u00e9ho stavu. Z\u00e1kladom celej pr\u00e1ce je vytvorenie bezpe\u010dn\u00e9ho priestoru , v ktorom sa klientov nervov\u00fd syst\u00e9m dok\u00e1\u017ee regulova\u0165 a zabezpe\u010di\u0165 fungovanie jednotliv\u00fdch syst\u00e9mov v tele.<\/p>\n\n\n\n<p class=\"has-text-align-center has-black-color has-luminous-vivid-amber-to-luminous-vivid-orange-gradient-background has-text-color has-background has-link-color wp-elements-c2e038e2603c51bd40d636757745c5ea\"><strong>cena 50 eur \/&nbsp; 50 min\u00fat<\/strong><\/p>\n\n\n\n<p><\/p>\n","protected":false},"excerpt":{"rendered":"<p>TERAPIA &#8220; VIMMAL &#8222; T\u00e1to terapia je origin\u00e1lna&nbsp; kombin\u00e1cia viscer\u00e1lnych manipul\u00e1ci\u00ed a manu\u00e1lnej lymfodren\u00e1\u017ee, ktor\u00e1 vznikla na z\u00e1klade mojich dlhoro\u010dn\u00fdch teoretick\u00fdch aj praktick\u00fdch sk\u00fasenost\u00ed \u0160irokospektr\u00e1lne \u00fa\u010dinky manu\u00e1lnej lymfodren\u00e1\u017ee s\u00fa v\u0161eobecne zn\u00e1me ( podpora l\u00e1tkovej v\u00fdmeny, metabolizmu, hormon\u00e1lnej rovnov\u00e1hy, detoxik\u00e1cia at\u010f ).&nbsp; Pridan\u00edm viscer\u00e1lnej manipul\u00e1cie , ktor\u00e1 priamo pracuje s vn\u00fatorn\u00fdmi org\u00e1nmi ( adenoidy, appendix a [&hellip;]<\/p>\n","protected":false},"author":1,"featured_media":0,"parent":0,"menu_order":0,"comment_status":"closed","ping_status":"closed","template":"","meta":{"_monsterinsights_skip_tracking":false,"_monsterinsights_sitenote_active":false,"_monsterinsights_sitenote_note":"","_monsterinsights_sitenote_category":0,"footnotes":""},"class_list":["post-141","page","type-page","status-publish","hentry"],"yoast_head":"<!-- This site is optimized with the Yoast SEO plugin v26.8 - https:\/\/yoast.com\/product\/yoast-seo-wordpress\/ -->\n<title>Terapie - osteo-patka.sk<\/title>\n<meta name=\"robots\" content=\"index, follow, max-snippet:-1, max-image-preview:large, max-video-preview:-1\" \/>\n<link rel=\"canonical\" href=\"https:\/\/osteo-patka.sk\/?page_id=141\" \/>\n<meta property=\"og:locale\" content=\"sk_SK\" \/>\n<meta property=\"og:type\" content=\"article\" \/>\n<meta property=\"og:title\" content=\"Terapie - osteo-patka.sk\" \/>\n<meta property=\"og:description\" content=\"TERAPIA &#8220; VIMMAL &#8222; T\u00e1to terapia je origin\u00e1lna&nbsp; kombin\u00e1cia viscer\u00e1lnych manipul\u00e1ci\u00ed a manu\u00e1lnej lymfodren\u00e1\u017ee, ktor\u00e1 vznikla na z\u00e1klade mojich dlhoro\u010dn\u00fdch teoretick\u00fdch aj praktick\u00fdch sk\u00fasenost\u00ed \u0160irokospektr\u00e1lne \u00fa\u010dinky manu\u00e1lnej lymfodren\u00e1\u017ee s\u00fa v\u0161eobecne zn\u00e1me ( podpora l\u00e1tkovej v\u00fdmeny, metabolizmu, hormon\u00e1lnej rovnov\u00e1hy, detoxik\u00e1cia at\u010f ).&nbsp; Pridan\u00edm viscer\u00e1lnej manipul\u00e1cie , ktor\u00e1 priamo pracuje s vn\u00fatorn\u00fdmi org\u00e1nmi ( adenoidy, appendix a [&hellip;]\" \/>\n<meta property=\"og:url\" content=\"https:\/\/osteo-patka.sk\/?page_id=141\" \/>\n<meta property=\"og:site_name\" content=\"osteo-patka.sk\" \/>\n<meta property=\"article:modified_time\" content=\"2024-12-11T15:26:02+00:00\" \/>\n<meta name=\"twitter:card\" content=\"summary_large_image\" \/>\n<meta name=\"twitter:label1\" content=\"Predpokladan\u00fd \u010das \u010d\u00edtania\" \/>\n\t<meta name=\"twitter:data1\" content=\"2 min\u00faty\" \/>\n<script type=\"application\/ld+json\" class=\"yoast-schema-graph\">{\"@context\":\"https:\/\/schema.org\",\"@graph\":[{\"@type\":\"WebPage\",\"@id\":\"https:\/\/osteo-patka.sk\/?page_id=141\",\"url\":\"https:\/\/osteo-patka.sk\/?page_id=141\",\"name\":\"Terapie - osteo-patka.sk\",\"isPartOf\":{\"@id\":\"http:\/\/osteo-patka.sk\/#website\"},\"datePublished\":\"2024-11-02T18:09:20+00:00\",\"dateModified\":\"2024-12-11T15:26:02+00:00\",\"breadcrumb\":{\"@id\":\"https:\/\/osteo-patka.sk\/?page_id=141#breadcrumb\"},\"inLanguage\":\"sk-SK\",\"potentialAction\":[{\"@type\":\"ReadAction\",\"target\":[\"https:\/\/osteo-patka.sk\/?page_id=141\"]}]},{\"@type\":\"BreadcrumbList\",\"@id\":\"https:\/\/osteo-patka.sk\/?page_id=141#breadcrumb\",\"itemListElement\":[{\"@type\":\"ListItem\",\"position\":1,\"name\":\"Home\",\"item\":\"http:\/\/osteo-patka.sk\/\"},{\"@type\":\"ListItem\",\"position\":2,\"name\":\"Terapie\"}]},{\"@type\":\"WebSite\",\"@id\":\"http:\/\/osteo-patka.sk\/#website\",\"url\":\"http:\/\/osteo-patka.sk\/\",\"name\":\"osteo-patka.sk\",\"description\":\"\",\"publisher\":{\"@id\":\"http:\/\/osteo-patka.sk\/#organization\"},\"potentialAction\":[{\"@type\":\"SearchAction\",\"target\":{\"@type\":\"EntryPoint\",\"urlTemplate\":\"http:\/\/osteo-patka.sk\/?s={search_term_string}\"},\"query-input\":{\"@type\":\"PropertyValueSpecification\",\"valueRequired\":true,\"valueName\":\"search_term_string\"}}],\"inLanguage\":\"sk-SK\"},{\"@type\":\"Organization\",\"@id\":\"http:\/\/osteo-patka.sk\/#organization\",\"name\":\"osteo-patka.sk\",\"url\":\"http:\/\/osteo-patka.sk\/\",\"logo\":{\"@type\":\"ImageObject\",\"inLanguage\":\"sk-SK\",\"@id\":\"http:\/\/osteo-patka.sk\/#\/schema\/logo\/image\/\",\"url\":\"https:\/\/osteo-patka.sk\/wp-content\/uploads\/2024\/07\/D30FCB81-FEFE-4C26-9ED7-20FE213F8B50-e1720344756256.png\",\"contentUrl\":\"https:\/\/osteo-patka.sk\/wp-content\/uploads\/2024\/07\/D30FCB81-FEFE-4C26-9ED7-20FE213F8B50-e1720344756256.png\",\"width\":1000,\"height\":568,\"caption\":\"osteo-patka.sk\"},\"image\":{\"@id\":\"http:\/\/osteo-patka.sk\/#\/schema\/logo\/image\/\"}}]}<\/script>\n<!-- \/ Yoast SEO plugin. -->","yoast_head_json":{"title":"Terapie - osteo-patka.sk","robots":{"index":"index","follow":"follow","max-snippet":"max-snippet:-1","max-image-preview":"max-image-preview:large","max-video-preview":"max-video-preview:-1"},"canonical":"https:\/\/osteo-patka.sk\/?page_id=141","og_locale":"sk_SK","og_type":"article","og_title":"Terapie - osteo-patka.sk","og_description":"TERAPIA &#8220; VIMMAL &#8222; T\u00e1to terapia je origin\u00e1lna&nbsp; kombin\u00e1cia viscer\u00e1lnych manipul\u00e1ci\u00ed a manu\u00e1lnej lymfodren\u00e1\u017ee, ktor\u00e1 vznikla na z\u00e1klade mojich dlhoro\u010dn\u00fdch teoretick\u00fdch aj praktick\u00fdch sk\u00fasenost\u00ed \u0160irokospektr\u00e1lne \u00fa\u010dinky manu\u00e1lnej lymfodren\u00e1\u017ee s\u00fa v\u0161eobecne zn\u00e1me ( podpora l\u00e1tkovej v\u00fdmeny, metabolizmu, hormon\u00e1lnej rovnov\u00e1hy, detoxik\u00e1cia at\u010f ).&nbsp; Pridan\u00edm viscer\u00e1lnej manipul\u00e1cie , ktor\u00e1 priamo pracuje s vn\u00fatorn\u00fdmi org\u00e1nmi ( adenoidy, appendix a [&hellip;]","og_url":"https:\/\/osteo-patka.sk\/?page_id=141","og_site_name":"osteo-patka.sk","article_modified_time":"2024-12-11T15:26:02+00:00","twitter_card":"summary_large_image","twitter_misc":{"Predpokladan\u00fd \u010das \u010d\u00edtania":"2 min\u00faty"},"schema":{"@context":"https:\/\/schema.org","@graph":[{"@type":"WebPage","@id":"https:\/\/osteo-patka.sk\/?page_id=141","url":"https:\/\/osteo-patka.sk\/?page_id=141","name":"Terapie - osteo-patka.sk","isPartOf":{"@id":"http:\/\/osteo-patka.sk\/#website"},"datePublished":"2024-11-02T18:09:20+00:00","dateModified":"2024-12-11T15:26:02+00:00","breadcrumb":{"@id":"https:\/\/osteo-patka.sk\/?page_id=141#breadcrumb"},"inLanguage":"sk-SK","potentialAction":[{"@type":"ReadAction","target":["https:\/\/osteo-patka.sk\/?page_id=141"]}]},{"@type":"BreadcrumbList","@id":"https:\/\/osteo-patka.sk\/?page_id=141#breadcrumb","itemListElement":[{"@type":"ListItem","position":1,"name":"Home","item":"http:\/\/osteo-patka.sk\/"},{"@type":"ListItem","position":2,"name":"Terapie"}]},{"@type":"WebSite","@id":"http:\/\/osteo-patka.sk\/#website","url":"http:\/\/osteo-patka.sk\/","name":"osteo-patka.sk","description":"","publisher":{"@id":"http:\/\/osteo-patka.sk\/#organization"},"potentialAction":[{"@type":"SearchAction","target":{"@type":"EntryPoint","urlTemplate":"http:\/\/osteo-patka.sk\/?s={search_term_string}"},"query-input":{"@type":"PropertyValueSpecification","valueRequired":true,"valueName":"search_term_string"}}],"inLanguage":"sk-SK"},{"@type":"Organization","@id":"http:\/\/osteo-patka.sk\/#organization","name":"osteo-patka.sk","url":"http:\/\/osteo-patka.sk\/","logo":{"@type":"ImageObject","inLanguage":"sk-SK","@id":"http:\/\/osteo-patka.sk\/#\/schema\/logo\/image\/","url":"https:\/\/osteo-patka.sk\/wp-content\/uploads\/2024\/07\/D30FCB81-FEFE-4C26-9ED7-20FE213F8B50-e1720344756256.png","contentUrl":"https:\/\/osteo-patka.sk\/wp-content\/uploads\/2024\/07\/D30FCB81-FEFE-4C26-9ED7-20FE213F8B50-e1720344756256.png","width":1000,"height":568,"caption":"osteo-patka.sk"},"image":{"@id":"http:\/\/osteo-patka.sk\/#\/schema\/logo\/image\/"}}]}},"_links":{"self":[{"href":"https:\/\/osteo-patka.sk\/index.php?rest_route=\/wp\/v2\/pages\/141","targetHints":{"allow":["GET"]}}],"collection":[{"href":"https:\/\/osteo-patka.sk\/index.php?rest_route=\/wp\/v2\/pages"}],"about":[{"href":"https:\/\/osteo-patka.sk\/index.php?rest_route=\/wp\/v2\/types\/page"}],"author":[{"embeddable":true,"href":"https:\/\/osteo-patka.sk\/index.php?rest_route=\/wp\/v2\/users\/1"}],"replies":[{"embeddable":true,"href":"https:\/\/osteo-patka.sk\/index.php?rest_route=%2Fwp%2Fv2%2Fcomments&post=141"}],"version-history":[{"count":5,"href":"https:\/\/osteo-patka.sk\/index.php?rest_route=\/wp\/v2\/pages\/141\/revisions"}],"predecessor-version":[{"id":181,"href":"https:\/\/osteo-patka.sk\/index.php?rest_route=\/wp\/v2\/pages\/141\/revisions\/181"}],"wp:attachment":[{"href":"https:\/\/osteo-patka.sk\/index.php?rest_route=%2Fwp%2Fv2%2Fmedia&parent=141"}],"curies":[{"name":"wp","href":"https:\/\/api.w.org\/{rel}","templated":true}]}}