

{"id":136,"date":"2024-09-24T10:48:15","date_gmt":"2024-09-24T08:48:15","guid":{"rendered":"https:\/\/osteo-patka.sk\/?page_id=136"},"modified":"2026-02-07T21:07:11","modified_gmt":"2026-02-07T20:07:11","slug":"novinky","status":"publish","type":"page","link":"https:\/\/osteo-patka.sk\/?page_id=136","title":{"rendered":"Novinky"},"content":{"rendered":"\n<h2 class=\"wp-block-heading\"><strong>DENTOSOFIA<\/strong><\/h2>\n\n\n\n<ul class=\"wp-block-list\">\n<li>unik\u00e1tna met\u00f3da zameran\u00e1 na harmoniz\u00e1ciu \u00fast a z\u00e1rove\u0148 cel\u00e9ho tela , na reeduk\u00e1ciu zabehnut\u00fdch stereotypov a nevedom\u00fdch vzorcov,&nbsp; pomocou \u0161peci\u00e1lneho BALANCERU a cvi\u010den\u00ed zameran\u00fdch na spr\u00e1vne d\u00fdchanie, preh\u013atanie aj pre\u017e\u00favanie<\/li>\n\n\n\n<li>s\u00fa\u010das\u0165ou Dentosofick\u00e9ho &#8220; kou\u010dingu &#8220; s\u00fa pravideln\u00e9 konzult\u00e1cie , doprev\u00e1dzanie na ceste k balansu a zdraviu&nbsp;<\/li>\n\n\n\n<li>osobn\u00e9 stretnutia zameran\u00e9 na osteopatick\u00e9 o\u0161etrenie alebo fyzioterapiu&nbsp; ( odstr\u00e1nenie dysbalanci\u00ed )<\/li>\n\n\n\n<li>je vhodn\u00e1 pre dospel\u00fdch aj deti ( podmienkou je, \u017ee z\u00fabky u\u017e s\u00fa prerezan\u00e9 ), pre ka\u017ed\u00e9ho kto si \u017eel\u00e1 zmenu pre seba alebo pre svoje deti\u00a0<\/li>\n<\/ul>\n\n\n\n<p style=\"font-size:25px\"><strong>doprovod pre dospel\u00fdch &nbsp;aj deti :<\/strong><\/p>\n\n\n\n<ul class=\"wp-block-list\">\n<li>trvanie 12 mesiacov&nbsp;<\/li>\n\n\n\n<li> 6x osobne stretnutie \/ vyber balanceru \/fotodokument\u00e1cia&nbsp;\/4x osteopatick\u00e9 o\u0161etrenie&nbsp;<\/li>\n\n\n\n<li>6 x online&nbsp;<\/li>\n\n\n\n<li>2 ks Balancer v medic\u00ednskej kvalite&nbsp;<\/li>\n\n\n\n<li>pr\u00edstup do \u010dlenskej sekcie&nbsp;<\/li>\n<\/ul>\n\n\n\n<p class=\"has-text-align-center\" style=\"font-size:25px\"><strong>cena 1460,- eur \/ mo\u017enos\u0165 dohodn\u00fa\u0165 na spl\u00e1tky&nbsp;<br><\/strong><br><\/p>\n\n\n\n<h2 class=\"wp-block-heading\">Projekt&nbsp; OPTIMAL&nbsp;<\/h2>\n\n\n\n<ul class=\"wp-block-list\">\n<li>Nedar\u00ed sa v\u00e1m optimalizova\u0165 hmotnos\u0165? B\u00fdvate \u010dasto chor\u00ed, m\u00e1te alergie, intolerancie? C\u00edt\u00edte sa \u010dasto unaven\u00ed?<\/li>\n\n\n\n<li>Pre spr\u00e1vnu funkciu imunitn\u00e9ho syst\u00e9mu s\u00fa d\u00f4le\u017eit\u00e9 vitam\u00edny a stopov\u00e9 prvky a dostatok oddychu. V pr\u00edpade akejko\u013evek dysfunkcie tr\u00e1viaceho syst\u00e9mu postupne doch\u00e1dza k &#8220; podv\u00fd\u017eive &#8222;, ktor\u00e1 oslabuje nielen imunitn\u00fd syst\u00e9m, ale v\u0161etky syst\u00e9my v na\u0161om tele. Imunitn\u00fd syst\u00e9m \u00fazko spolupracuje s nervov\u00fdm a hormon\u00e1lnym syst\u00e9mom, navz\u00e1jom sa striedavo ovplyv\u0148uj\u00fa aj riadia. Z toho vypl\u00fdva, \u017ee \u010fa\u013e\u0161\u00edm faktorom, ktor\u00fd n\u00e1s v\u00fdrazne ovplyv\u0148uje je chronick\u00fd stres . V \u010dreve, kde imunitn\u00e9 a nervov\u00e9 bunky le\u017eia ved\u013ea seba sa v stresov\u00fdch situ\u00e1ci\u00e1ch vylu\u010duje ve\u013ea neuropeptidov podporuj\u00facich z\u00e1pal, ktor\u00fd men\u00ed priepustnos\u0165 \u010drevnej steny a dost\u00e1vame sa do za\u010darovan\u00e9ho kruhu &#8230;&#8230;.<\/li>\n\n\n\n<li>Je tu e\u0161te jeden faktor &#8211; a to je na\u0161e sebavedomie a interakcia s okolit\u00fdm svetom . Na\u0161e reakcie aktivuj\u00fa nervov\u00fd syst\u00e9m &#8211; psychick\u00e9 antig\u00e9ny hormon\u00e1lnou cestou prech\u00e1dzaj\u00fa do biochemick\u00fdch z\u00e1palov. Ako z toho von?<\/li>\n\n\n\n<li>Z\u00e1kladom je regul\u00e1cia nervov\u00e9ho syst\u00e9mu a metabolick\u00e9ho cyklu, ktor\u00fd v\u00e1m zabezpe\u010d\u00ed&nbsp;<\/li>\n\n\n\n<li>&#8211; dostatok vitality<\/li>\n\n\n\n<li>&#8211; efekt\u00edvne vstreb\u00e1vanie \u017eiv\u00edn<\/li>\n\n\n\n<li>&#8211; detoxik\u00e1ciu<\/li>\n\n\n\n<li>&#8211; funk\u010dn\u00fa imunitu<\/li>\n<\/ul>\n\n\n\n<p><strong>cena 250,- eur<\/strong> ( mesa\u010dn\u00e1 metabolick\u00e1 k\u00fara a 2 osteopatick\u00e9 o\u0161etrenia zameran\u00e9 na regul\u00e1ciu nervov\u00e9ho syst\u00e9mu a revitaliz\u00e1ciu vn\u00fatorn\u00fdch org\u00e1nov0 )<\/p>\n\n\n\n<p><strong>viac info na 0905 846 241<\/strong><\/p>\n\n\n\n<hr class=\"wp-block-separator has-alpha-channel-opacity\"\/>\n\n\n\n<p><\/p>\n\n\n\n<h2 class=\"wp-block-heading\">TERAPIA &#8220; VIMMAL &#8222;<\/h2>\n\n\n\n<ul class=\"wp-block-list\">\n<li>od okt\u00f3bra zara\u010fujem do svojej ponuky nov\u00fa terapiu pod n\u00e1zvom &#8220; VIMMAL &#8222;. je to kombin\u00e1cia viscer\u00e1lnych manipul\u00e1ci\u00ed a manu\u00e1lnej lymfodren\u00e1\u017ee.<\/li>\n\n\n\n<li>\u0160irokospektr\u00e1lne \u00fa\u010dinky manu\u00e1lnej lymfodren\u00e1\u017ee s\u00fa v\u0161eobecne zn\u00e1me ( podpora l\u00e1tkovej v\u00fdmeny, metabolizmu, hormon\u00e1lnej rovnov\u00e1hy, detoxik\u00e1cia at\u010f ). Viscer\u00e1lne manipul\u00e1cie podporuj\u00fa funkciu vn\u00fatorn\u00fdch org\u00e1nov , ktor\u00e9 s\u00fa s\u00fa\u010das\u0165ou lymfatick\u00e9ho syst\u00e9mu ( adenoidy, appendix a tenk\u00e9 \u010drevo, thymus, slezina, mandle, \u017eilov\u00e9 splavy,&#8230;)<\/li>\n\n\n\n<li>Kombin\u00e1cia t\u00fdchto dvoch techn\u00edk zabezpe\u010duje komplexn\u00e9 o\u0161etrenie lymfatick\u00e9ho syst\u00e9mu a t\u00fdm vysok\u00fa efekt\u00edvnos\u0165 tejto terapie.<\/li>\n\n\n\n<li>Indik\u00e1cie:<\/li>\n\n\n\n<li>migr\u00e9ny a chronick\u00e9 z\u00e1paly dut\u00edn\/ poopera\u010dn\u00e9 stavy \/opuchy po oper\u00e1ci\u00e1ch\/ oslaben\u00e1 imunita \/ \u00fanava \/ alergie a intolerancie \/ skler\u00f3za multiplex \/ &#8230;&nbsp;<\/li>\n<\/ul>\n","protected":false},"excerpt":{"rendered":"<p>DENTOSOFIA doprovod pre dospel\u00fdch &nbsp;aj deti : cena 1460,- eur \/ mo\u017enos\u0165 dohodn\u00fa\u0165 na spl\u00e1tky&nbsp; Projekt&nbsp; OPTIMAL&nbsp; cena 250,- eur ( mesa\u010dn\u00e1 metabolick\u00e1 k\u00fara a 2 osteopatick\u00e9 o\u0161etrenia zameran\u00e9 na regul\u00e1ciu nervov\u00e9ho syst\u00e9mu a revitaliz\u00e1ciu vn\u00fatorn\u00fdch org\u00e1nov0 ) viac info na 0905 846 241 TERAPIA &#8220; VIMMAL &#8222;<\/p>\n","protected":false},"author":1,"featured_media":0,"parent":0,"menu_order":0,"comment_status":"closed","ping_status":"closed","template":"","meta":{"_monsterinsights_skip_tracking":false,"_monsterinsights_sitenote_active":false,"_monsterinsights_sitenote_note":"","_monsterinsights_sitenote_category":0,"footnotes":""},"class_list":["post-136","page","type-page","status-publish","hentry"],"yoast_head":"<!-- This site is optimized with the Yoast SEO plugin v26.8 - https:\/\/yoast.com\/product\/yoast-seo-wordpress\/ -->\n<title>Novinky - osteo-patka.sk<\/title>\n<meta name=\"robots\" content=\"index, follow, max-snippet:-1, max-image-preview:large, max-video-preview:-1\" \/>\n<link rel=\"canonical\" href=\"https:\/\/osteo-patka.sk\/?page_id=136\" \/>\n<meta property=\"og:locale\" content=\"sk_SK\" \/>\n<meta property=\"og:type\" content=\"article\" \/>\n<meta property=\"og:title\" content=\"Novinky - osteo-patka.sk\" \/>\n<meta property=\"og:description\" content=\"DENTOSOFIA doprovod pre dospel\u00fdch &nbsp;aj deti : cena 1460,- eur \/ mo\u017enos\u0165 dohodn\u00fa\u0165 na spl\u00e1tky&nbsp; Projekt&nbsp; OPTIMAL&nbsp; cena 250,- eur ( mesa\u010dn\u00e1 metabolick\u00e1 k\u00fara a 2 osteopatick\u00e9 o\u0161etrenia zameran\u00e9 na regul\u00e1ciu nervov\u00e9ho syst\u00e9mu a revitaliz\u00e1ciu vn\u00fatorn\u00fdch org\u00e1nov0 ) viac info na 0905 846 241 TERAPIA &#8220; VIMMAL &#8222;\" \/>\n<meta property=\"og:url\" content=\"https:\/\/osteo-patka.sk\/?page_id=136\" \/>\n<meta property=\"og:site_name\" content=\"osteo-patka.sk\" \/>\n<meta property=\"article:modified_time\" content=\"2026-02-07T20:07:11+00:00\" \/>\n<meta name=\"twitter:card\" content=\"summary_large_image\" \/>\n<meta name=\"twitter:label1\" content=\"Predpokladan\u00fd \u010das \u010d\u00edtania\" \/>\n\t<meta name=\"twitter:data1\" content=\"3 min\u00faty\" \/>\n<script type=\"application\/ld+json\" class=\"yoast-schema-graph\">{\"@context\":\"https:\/\/schema.org\",\"@graph\":[{\"@type\":\"WebPage\",\"@id\":\"https:\/\/osteo-patka.sk\/?page_id=136\",\"url\":\"https:\/\/osteo-patka.sk\/?page_id=136\",\"name\":\"Novinky - osteo-patka.sk\",\"isPartOf\":{\"@id\":\"http:\/\/osteo-patka.sk\/#website\"},\"datePublished\":\"2024-09-24T08:48:15+00:00\",\"dateModified\":\"2026-02-07T20:07:11+00:00\",\"breadcrumb\":{\"@id\":\"https:\/\/osteo-patka.sk\/?page_id=136#breadcrumb\"},\"inLanguage\":\"sk-SK\",\"potentialAction\":[{\"@type\":\"ReadAction\",\"target\":[\"https:\/\/osteo-patka.sk\/?page_id=136\"]}]},{\"@type\":\"BreadcrumbList\",\"@id\":\"https:\/\/osteo-patka.sk\/?page_id=136#breadcrumb\",\"itemListElement\":[{\"@type\":\"ListItem\",\"position\":1,\"name\":\"Home\",\"item\":\"http:\/\/osteo-patka.sk\/\"},{\"@type\":\"ListItem\",\"position\":2,\"name\":\"Novinky\"}]},{\"@type\":\"WebSite\",\"@id\":\"http:\/\/osteo-patka.sk\/#website\",\"url\":\"http:\/\/osteo-patka.sk\/\",\"name\":\"osteo-patka.sk\",\"description\":\"\",\"publisher\":{\"@id\":\"http:\/\/osteo-patka.sk\/#organization\"},\"potentialAction\":[{\"@type\":\"SearchAction\",\"target\":{\"@type\":\"EntryPoint\",\"urlTemplate\":\"http:\/\/osteo-patka.sk\/?s={search_term_string}\"},\"query-input\":{\"@type\":\"PropertyValueSpecification\",\"valueRequired\":true,\"valueName\":\"search_term_string\"}}],\"inLanguage\":\"sk-SK\"},{\"@type\":\"Organization\",\"@id\":\"http:\/\/osteo-patka.sk\/#organization\",\"name\":\"osteo-patka.sk\",\"url\":\"http:\/\/osteo-patka.sk\/\",\"logo\":{\"@type\":\"ImageObject\",\"inLanguage\":\"sk-SK\",\"@id\":\"http:\/\/osteo-patka.sk\/#\/schema\/logo\/image\/\",\"url\":\"https:\/\/osteo-patka.sk\/wp-content\/uploads\/2024\/07\/D30FCB81-FEFE-4C26-9ED7-20FE213F8B50-e1720344756256.png\",\"contentUrl\":\"https:\/\/osteo-patka.sk\/wp-content\/uploads\/2024\/07\/D30FCB81-FEFE-4C26-9ED7-20FE213F8B50-e1720344756256.png\",\"width\":1000,\"height\":568,\"caption\":\"osteo-patka.sk\"},\"image\":{\"@id\":\"http:\/\/osteo-patka.sk\/#\/schema\/logo\/image\/\"}}]}<\/script>\n<!-- \/ Yoast SEO plugin. -->","yoast_head_json":{"title":"Novinky - osteo-patka.sk","robots":{"index":"index","follow":"follow","max-snippet":"max-snippet:-1","max-image-preview":"max-image-preview:large","max-video-preview":"max-video-preview:-1"},"canonical":"https:\/\/osteo-patka.sk\/?page_id=136","og_locale":"sk_SK","og_type":"article","og_title":"Novinky - osteo-patka.sk","og_description":"DENTOSOFIA doprovod pre dospel\u00fdch &nbsp;aj deti : cena 1460,- eur \/ mo\u017enos\u0165 dohodn\u00fa\u0165 na spl\u00e1tky&nbsp; Projekt&nbsp; OPTIMAL&nbsp; cena 250,- eur ( mesa\u010dn\u00e1 metabolick\u00e1 k\u00fara a 2 osteopatick\u00e9 o\u0161etrenia zameran\u00e9 na regul\u00e1ciu nervov\u00e9ho syst\u00e9mu a revitaliz\u00e1ciu vn\u00fatorn\u00fdch org\u00e1nov0 ) viac info na 0905 846 241 TERAPIA &#8220; VIMMAL &#8222;","og_url":"https:\/\/osteo-patka.sk\/?page_id=136","og_site_name":"osteo-patka.sk","article_modified_time":"2026-02-07T20:07:11+00:00","twitter_card":"summary_large_image","twitter_misc":{"Predpokladan\u00fd \u010das \u010d\u00edtania":"3 min\u00faty"},"schema":{"@context":"https:\/\/schema.org","@graph":[{"@type":"WebPage","@id":"https:\/\/osteo-patka.sk\/?page_id=136","url":"https:\/\/osteo-patka.sk\/?page_id=136","name":"Novinky - osteo-patka.sk","isPartOf":{"@id":"http:\/\/osteo-patka.sk\/#website"},"datePublished":"2024-09-24T08:48:15+00:00","dateModified":"2026-02-07T20:07:11+00:00","breadcrumb":{"@id":"https:\/\/osteo-patka.sk\/?page_id=136#breadcrumb"},"inLanguage":"sk-SK","potentialAction":[{"@type":"ReadAction","target":["https:\/\/osteo-patka.sk\/?page_id=136"]}]},{"@type":"BreadcrumbList","@id":"https:\/\/osteo-patka.sk\/?page_id=136#breadcrumb","itemListElement":[{"@type":"ListItem","position":1,"name":"Home","item":"http:\/\/osteo-patka.sk\/"},{"@type":"ListItem","position":2,"name":"Novinky"}]},{"@type":"WebSite","@id":"http:\/\/osteo-patka.sk\/#website","url":"http:\/\/osteo-patka.sk\/","name":"osteo-patka.sk","description":"","publisher":{"@id":"http:\/\/osteo-patka.sk\/#organization"},"potentialAction":[{"@type":"SearchAction","target":{"@type":"EntryPoint","urlTemplate":"http:\/\/osteo-patka.sk\/?s={search_term_string}"},"query-input":{"@type":"PropertyValueSpecification","valueRequired":true,"valueName":"search_term_string"}}],"inLanguage":"sk-SK"},{"@type":"Organization","@id":"http:\/\/osteo-patka.sk\/#organization","name":"osteo-patka.sk","url":"http:\/\/osteo-patka.sk\/","logo":{"@type":"ImageObject","inLanguage":"sk-SK","@id":"http:\/\/osteo-patka.sk\/#\/schema\/logo\/image\/","url":"https:\/\/osteo-patka.sk\/wp-content\/uploads\/2024\/07\/D30FCB81-FEFE-4C26-9ED7-20FE213F8B50-e1720344756256.png","contentUrl":"https:\/\/osteo-patka.sk\/wp-content\/uploads\/2024\/07\/D30FCB81-FEFE-4C26-9ED7-20FE213F8B50-e1720344756256.png","width":1000,"height":568,"caption":"osteo-patka.sk"},"image":{"@id":"http:\/\/osteo-patka.sk\/#\/schema\/logo\/image\/"}}]}},"_links":{"self":[{"href":"https:\/\/osteo-patka.sk\/index.php?rest_route=\/wp\/v2\/pages\/136","targetHints":{"allow":["GET"]}}],"collection":[{"href":"https:\/\/osteo-patka.sk\/index.php?rest_route=\/wp\/v2\/pages"}],"about":[{"href":"https:\/\/osteo-patka.sk\/index.php?rest_route=\/wp\/v2\/types\/page"}],"author":[{"embeddable":true,"href":"https:\/\/osteo-patka.sk\/index.php?rest_route=\/wp\/v2\/users\/1"}],"replies":[{"embeddable":true,"href":"https:\/\/osteo-patka.sk\/index.php?rest_route=%2Fwp%2Fv2%2Fcomments&post=136"}],"version-history":[{"count":5,"href":"https:\/\/osteo-patka.sk\/index.php?rest_route=\/wp\/v2\/pages\/136\/revisions"}],"predecessor-version":[{"id":201,"href":"https:\/\/osteo-patka.sk\/index.php?rest_route=\/wp\/v2\/pages\/136\/revisions\/201"}],"wp:attachment":[{"href":"https:\/\/osteo-patka.sk\/index.php?rest_route=%2Fwp%2Fv2%2Fmedia&parent=136"}],"curies":[{"name":"wp","href":"https:\/\/api.w.org\/{rel}","templated":true}]}}